{"id":4400,"date":"2017-10-27T17:19:23","date_gmt":"2017-10-27T17:19:23","guid":{"rendered":"http:\/\/luissferro.com.ar\/web\/?page_id=4400"},"modified":"2021-10-19T20:45:44","modified_gmt":"2021-10-19T20:45:44","slug":"servicios","status":"publish","type":"page","link":"https:\/\/luissferro.com.ar\/web\/servicios\/","title":{"rendered":"Servicios"},"content":{"rendered":"<p>[vc_row][vc_column width=\u00bb1\/2&#8243;][vc_single_image image=\u00bb4401&#8243; img_size=\u00bb220&#215;130&#8243;][\/vc_column][vc_column width=\u00bb1\/2&#8243;][vc_column_text]<strong>DETALLE DE LOS SERVICIOS<\/strong><\/p>\n<ul>\n<li>Servicio a cualquier punto del Pa\u00eds para todos nuestros productos, con el respaldo y garant\u00eda de Massey Ferguson.<\/li>\n<li>Urgencias las 24 horas, los 365 d\u00edas del a\u00f1o.<\/li>\n<\/ul>\n<div style=\"text-align: left; padding-left: 30px;\">Horario de atenci\u00f3n: Lunes a viernes de 7:30 a 13:00 y de 14:00 a 17:00<\/div>\n<div style=\"text-align: left; padding-left: 30px;\">Tel\u00e9fono: 4284400 int. 3<\/div>\n<div style=\"text-align: left; padding-left: 30px;\">WhatsApp: 3816447500<\/div>\n<div><\/div>\n<p><strong>Guardia Servicio:<\/strong><br \/>\n<a href=\"mailto:servicios@luissferro.com.ar\">Enviar E-mail<\/a><\/p>\n<p><strong>Guardia Repuestos:<\/strong><br \/>\n<a href=\"mailto:servicios@luissferro.com.ar\">Enviar E-mail<\/a>[\/vc_column_text][\/vc_column][\/vc_row]<\/p>\n","protected":false},"excerpt":{"rendered":"<p>[vc_row][vc_column width=\u00bb1\/2&#8243;][vc_single_image image=\u00bb4401&#8243; img_size=\u00bb220&#215;130&#8243;][\/vc_column][vc_column width=\u00bb1\/2&#8243;][vc_column_text]DETALLE DE LOS SERVICIOS Servicio a cualquier punto del Pa\u00eds para todos nuestros productos, con el respaldo y garant\u00eda de Massey Ferguson. Urgencias las 24 horas, los 365 d\u00edas del a\u00f1o. Horario de atenci\u00f3n: Lunes a viernes de 7:30 a 13:00 y de 14:00 a 17:00 Tel\u00e9fono: 4284400 int. 3 WhatsApp: [&hellip;]<\/p>\n","protected":false},"author":2,"featured_media":4402,"parent":0,"menu_order":0,"comment_status":"closed","ping_status":"closed","template":"","meta":{"_joinchat":[],"footnotes":""},"_links":{"self":[{"href":"https:\/\/luissferro.com.ar\/web\/wp-json\/wp\/v2\/pages\/4400"}],"collection":[{"href":"https:\/\/luissferro.com.ar\/web\/wp-json\/wp\/v2\/pages"}],"about":[{"href":"https:\/\/luissferro.com.ar\/web\/wp-json\/wp\/v2\/types\/page"}],"author":[{"embeddable":true,"href":"https:\/\/luissferro.com.ar\/web\/wp-json\/wp\/v2\/users\/2"}],"replies":[{"embeddable":true,"href":"https:\/\/luissferro.com.ar\/web\/wp-json\/wp\/v2\/comments?post=4400"}],"version-history":[{"count":11,"href":"https:\/\/luissferro.com.ar\/web\/wp-json\/wp\/v2\/pages\/4400\/revisions"}],"predecessor-version":[{"id":6260,"href":"https:\/\/luissferro.com.ar\/web\/wp-json\/wp\/v2\/pages\/4400\/revisions\/6260"}],"wp:featuredmedia":[{"embeddable":true,"href":"https:\/\/luissferro.com.ar\/web\/wp-json\/wp\/v2\/media\/4402"}],"wp:attachment":[{"href":"https:\/\/luissferro.com.ar\/web\/wp-json\/wp\/v2\/media?parent=4400"}],"curies":[{"name":"wp","href":"https:\/\/api.w.org\/{rel}","templated":true}]}}